{"id":18847,"date":"2023-10-11T09:43:15","date_gmt":"2023-10-11T09:43:15","guid":{"rendered":"https:\/\/demo.est.pt\/?p=18847"},"modified":"2026-04-28T15:45:18","modified_gmt":"2026-04-28T15:45:18","slug":"gdpr","status":"publish","type":"page","link":"https:\/\/www.est.pt\/pt\/gdpr\/","title":{"rendered":"RGPD"},"content":{"rendered":"<div data-elementor-type=\"wp-post\" data-elementor-id=\"18847\" class=\"elementor elementor-18847\">\n\t\t\t\t\t\t<section class=\"elementor-section elementor-top-section elementor-element elementor-element-2d532c5 elementor-section-boxed elementor-section-height-default elementor-section-height-default\" data-id=\"2d532c5\" data-element_type=\"section\" data-e-type=\"section\">\n\t\t\t\t\t\t<div class=\"elementor-container elementor-column-gap-default\">\n\t\t\t\t\t<div class=\"elementor-column elementor-col-100 elementor-top-column elementor-element elementor-element-20c5e06\" data-id=\"20c5e06\" data-element_type=\"column\" data-e-type=\"column\">\n\t\t\t<div class=\"elementor-widget-wrap elementor-element-populated\">\n\t\t\t\t\t\t<div class=\"elementor-element elementor-element-e90b9da elementor-widget elementor-widget-image\" data-id=\"e90b9da\" data-element_type=\"widget\" data-e-type=\"widget\" data-widget_type=\"image.default\">\n\t\t\t\t<div class=\"elementor-widget-container\">\n\t\t\t\t\t\t\t\t\t\t\t\t\t\t\t<img alt=\"\" fetchpriority=\"high\" decoding=\"async\" width=\"1024\" height=\"375\" src=\"https:\/\/www.est.pt\/wp-content\/uploads\/2023\/10\/RGPD_main-1-1024x375.jpg\" class=\"attachment-large size-large wp-image-18850\" srcset=\"https:\/\/www.est.pt\/wp-content\/uploads\/2023\/10\/RGPD_main-1-1024x375.jpg 1024w, https:\/\/www.est.pt\/wp-content\/uploads\/2023\/10\/RGPD_main-1-300x110.jpg 300w, https:\/\/www.est.pt\/wp-content\/uploads\/2023\/10\/RGPD_main-1-768x281.jpg 768w, https:\/\/www.est.pt\/wp-content\/uploads\/2023\/10\/RGPD_main-1-18x7.jpg 18w, https:\/\/www.est.pt\/wp-content\/uploads\/2023\/10\/RGPD_main-1.jpg 1220w\" sizes=\"(max-width: 1024px) 100vw, 1024px\" \/>\t\t\t\t\t\t\t\t\t\t\t\t\t\t\t<\/div>\n\t\t\t\t<\/div>\n\t\t\t\t<div class=\"elementor-element elementor-element-a09706a elementor-widget elementor-widget-heading\" data-id=\"a09706a\" data-element_type=\"widget\" data-e-type=\"widget\" data-widget_type=\"heading.default\">\n\t\t\t\t<div class=\"elementor-widget-container\">\n\t\t\t\t\t<h3 class=\"elementor-heading-title elementor-size-default\"><a href=\"https:\/\/www.est.pt\/wp-content\/uploads\/RGPD.I02.0-EST-Declaracao-de-Consentimento-para-o-Tratamento-de-Dados-Pessoais-RECRUTAMENTO-PT.pdf\">\u25cf Declara\u00e7\u00e3o de Consentimento para o Tratamento de Dados Pessoais<\/a><\/h3>\t\t\t\t<\/div>\n\t\t\t\t<\/div>\n\t\t\t\t<div class=\"elementor-element elementor-element-b281e9a elementor-widget elementor-widget-spacer\" data-id=\"b281e9a\" data-element_type=\"widget\" data-e-type=\"widget\" data-widget_type=\"spacer.default\">\n\t\t\t\t<div class=\"elementor-widget-container\">\n\t\t\t\t\t\t\t<div class=\"elementor-spacer\">\n\t\t\t<div class=\"elementor-spacer-inner\"><\/div>\n\t\t<\/div>\n\t\t\t\t\t\t<\/div>\n\t\t\t\t<\/div>\n\t\t\t\t<div class=\"elementor-element elementor-element-35f6bf1 elementor-widget elementor-widget-heading\" data-id=\"35f6bf1\" data-element_type=\"widget\" data-e-type=\"widget\" data-widget_type=\"heading.default\">\n\t\t\t\t<div class=\"elementor-widget-container\">\n\t\t\t\t\t<h3 class=\"elementor-heading-title elementor-size-default\"><a href=\"https:\/\/www.est.pt\/wp-content\/uploads\/RGPD.I01.0-EST-Direito-a-Informacao-PT.pdf\">\u25cf Direito a Informa\u00e7\u00e3o<\/a><\/h3>\t\t\t\t<\/div>\n\t\t\t\t<\/div>\n\t\t\t\t<div class=\"elementor-element elementor-element-438d037 elementor-widget elementor-widget-spacer\" data-id=\"438d037\" data-element_type=\"widget\" data-e-type=\"widget\" data-widget_type=\"spacer.default\">\n\t\t\t\t<div class=\"elementor-widget-container\">\n\t\t\t\t\t\t\t<div class=\"elementor-spacer\">\n\t\t\t<div class=\"elementor-spacer-inner\"><\/div>\n\t\t<\/div>\n\t\t\t\t\t\t<\/div>\n\t\t\t\t<\/div>\n\t\t\t\t<div class=\"elementor-element elementor-element-b6494b9 elementor-widget elementor-widget-heading\" data-id=\"b6494b9\" data-element_type=\"widget\" data-e-type=\"widget\" data-widget_type=\"heading.default\">\n\t\t\t\t<div class=\"elementor-widget-container\">\n\t\t\t\t\t<h3 class=\"elementor-heading-title elementor-size-default\">POL\u00cdTICA DE PRIVACIDADE E COOKIES - EST, S.A. <\/h3>\t\t\t\t<\/div>\n\t\t\t\t<\/div>\n\t\t\t\t<div class=\"elementor-element elementor-element-20d6998 elementor-widget elementor-widget-spacer\" data-id=\"20d6998\" data-element_type=\"widget\" data-e-type=\"widget\" data-widget_type=\"spacer.default\">\n\t\t\t\t<div class=\"elementor-widget-container\">\n\t\t\t\t\t\t\t<div class=\"elementor-spacer\">\n\t\t\t<div class=\"elementor-spacer-inner\"><\/div>\n\t\t<\/div>\n\t\t\t\t\t\t<\/div>\n\t\t\t\t<\/div>\n\t\t\t\t<div class=\"elementor-element elementor-element-3b7d54d elementor-widget elementor-widget-text-editor\" data-id=\"3b7d54d\" data-element_type=\"widget\" data-e-type=\"widget\" data-widget_type=\"text-editor.default\">\n\t\t\t\t<div class=\"elementor-widget-container\">\n\t\t\t\t\t\t\t\t\t<div style=\"text-align: justify;\"><h4><strong>1. Introdu\u00e7\u00e3o<\/strong><\/h4><p>A EST, SA, no \u00e2mbito da sua actividade comercial, necessita de recolher alguns dados dos seus clientes, fornecedores e restantes partes interessadas, no entanto, respeita o direito \u00e0 privacidade e n\u00e3o recolhe qualquer informa\u00e7\u00e3o pessoal sem o pr\u00e9vio consentimento. A Pol\u00edtica de Privacidade &amp; Cookies do Grupo EST SGPS, SA serve para uma clara compreens\u00e3o de como recolhemos, usamos, partilhamos e protegemos os dados pessoais dos nossos clientes, fornecedores e restantes partes interessadas. O Grupo EST SGPS, SA n\u00e3o comercializa dados pessoais de clientes, fornecedores e restantes partes interessad<\/p><h4><strong> 2. Respons\u00e1vel pela Recolha e Tratamento dos seus Dados Pessoais<\/strong><\/h4><p>Os seus dados ser\u00e3o recolhidos e tratados pela EST, SA com o NIF 502 359 196 e sede na Rua da Granja, n\u00ba 10B, Boa Vista, 2420-397 LEIRIA. \u00c9 esta a organiza\u00e7\u00e3o respons\u00e1vel pelo tratamento de dados pessoais na ace\u00e7\u00e3o do Regulamento (EU) 2016\/679 do Parlamento Europeu e do Conselho de 27 de Abril de 2016 (de ora em diante RGPD).<\/p><p>Para as quest\u00f5es relacionadas com o tratamento dos seus dados pessoais poder\u00e1 contactar a EST, SA atrav\u00e9s dos seguintes meios:<\/p><p><strong>Telefone<\/strong> +351 244 850 900 (custo de chamada local), dispon\u00edvel nos dias \u00fateis, com hor\u00e1rio de atendimento de Segunda a Sexta entre as 09h00 e as 13h00 e entre as 14h00 e as 18h00. <strong>Morada:<\/strong> Rua da Granja, n\u00ba 10B, Boa Vista, 2420-397 LEIRIA<br \/><strong>Email:<\/strong> <a href=\"mailto:rgpd@est.pt\">rgpd@est.pt<\/a><\/p><h4><strong> 3. Dados Pessoais \u2013 O que s\u00e3o? Que dados s\u00e3o recolhidos e tratados pela EST, SA?<\/strong><\/h4><p>Entende-se por dados pessoais qualquer informa\u00e7\u00e3o, de qualquer natureza e independentemente do respetivo suporte, relativa a uma pessoa singular, direta ou indiretamente, identificada ou identific\u00e1vel (titular dos dados).<\/p><p>Os dados pessoais recolhidos pela EST, SA limitam-se aos estritamente necess\u00e1rios \u00e0 finalidade do tratamento, nomeadamente: nome, morada, n\u00famero de contribuinte, n\u00famero de telefone e\/ou correio eletr\u00f3nico, podendo ser recolhidos outros dados necess\u00e1rios ao fornecimento de produtos ou servi\u00e7os.<\/p><h4><strong>4. Quando Recolhemos Dados Pessoais? Com que finalidade os recolhemos?<\/strong><\/h4><p>Os dados pessoais que recolhemos dos nossos clientes, s\u00e3o solicitados aquando da abertura de ficha de cliente ou no nosso site, aquando da sua ades\u00e3o \/ subscri\u00e7\u00e3o na nossa revista ESTMagazine. A disponibiliza\u00e7\u00e3o de dados incorretos ou inexatos \u00e9 da exclusiva responsabilidade do titular dos mesmos.<\/p><p>A recolha e o tratamento de dados pessoais pela EST, SA t\u00eam as seguintes finalidades:<\/p><p>4.1) Gest\u00e3o de Clientes: Uma vez que a EST, SA se dedica \u00e0 presta\u00e7\u00e3o de servi\u00e7os, o tratamento dos seus dados \u00e9 necess\u00e1rio para o cumprimento do contrato ou de presta\u00e7\u00e3o de servi\u00e7os a celebrar ou ainda para a realiza\u00e7\u00e3o de dilig\u00eancias pr\u00e9-contratuais a pedido do cliente, como sejam or\u00e7amenta\u00e7\u00f5es.<br \/>Os dados pessoais recolhidos para esta finalidade ser\u00e3o conservados durante 2 anos de inactividade.<\/p><p>4.2) Marketing ou Telemarketing: Este tratamento de dados pessoais ser\u00e1 realizado unicamente com o consentimento expresso do titular, prestado nomeadamente no momento da ades\u00e3o \/ subscri\u00e7\u00e3o na nossa revista ESTMagazine atrav\u00e9s do formul\u00e1rio (link de ades\u00e3o) ou ao subscrever a nossa newsletter. Caso consinta, receber\u00e1 comunica\u00e7\u00f5es de marketing atrav\u00e9s de e-mail. Poderemos partilhar os dados pessoais recolhidos com terceiros que gerem redes sociais, como por exemplo o Facebook, Youtube e Linkedin, para efeitos de realiza\u00e7\u00e3o de campanhas de marketing atrav\u00e9s das redes sociais.<br \/>O consentimento para o tratamento de dados pessoais para efeitos de marketing direto pode ser revogado a qualquer altura pelo seu titular.<br \/>Os dados pessoais recolhidos para esta finalidade ser\u00e3o conservados durante 2 anos de inactividade.<\/p><p>4.3) V\u00eddeo vigil\u00e2ncia: As instala\u00e7\u00f5es da EST, SA disp\u00f5em de um sistema de v\u00eddeo vigil\u00e2ncia, devidamente sinalizado. A instala\u00e7\u00e3o deste sistema, resulta da Lei da Seguran\u00e7a Privada (Lei n.\u00ba 34\/2013, de 16 de maio, art. 8.\u00ba n.\u00ba 2) e trata-se de uma obriga\u00e7\u00e3o legal que visa a prote\u00e7\u00e3o de pessoas e bens. As grava\u00e7\u00f5es de imagem obtidas pelos sistemas v\u00eddeo vigil\u00e2ncia s\u00e3o conservadas, em registo codificado, pelo prazo de 30 dias contados da respetiva capta\u00e7\u00e3o, findo o qual s\u00e3o destru\u00eddas (sem preju\u00edzo da conserva\u00e7\u00e3o por per\u00edodo superior em caso de processo judicial).<\/p><p>4.4) Recrutamento: A EST, SA, durante o processo de selec\u00e7\u00e3o de pessoal e recrutamento, procede \u00e0 recolha e tratamento de dados pessoais dos respectivos candidatos, os quais, mediante consentimento expresso, poder\u00e3o ser transmitidos a outras empresas do Grupo. Os dados pessoais de qualquer candidato ser\u00e3o mantidos durante cinco anos.<br \/>Os dados pessoais tamb\u00e9m ser\u00e3o tratados para responder \u00e0s quest\u00f5es, sugest\u00f5es ou reclama\u00e7\u00f5es apresentadas pelo respetivo titular.<\/p><h4><strong>5. Partilha ou Transfer\u00eancia de Dados Pessoais<\/strong><\/h4><p>Os dados pessoais recolhidos pela EST, SA, poder\u00e3o ser alojados, partilhados e comunicados a outras empresas do grupo empresarial a que a EST, SA pertence, cuja lista de empresas pode consultar em https:\/\/www.est.pt\/pt\/contactos.<\/p><p>Nas situa\u00e7\u00f5es em que os dados pessoais sejam transferidos ou alojados noutras empresas do Grupo EST SGPS, SA, ser\u00e3o integralmente garantidos os n\u00edveis de confidencialidade, seguran\u00e7a e prote\u00e7\u00e3o.<\/p><p>Os dados pessoais recolhidos pela EST, SA ser\u00e3o tratados dentro do espa\u00e7o da Uni\u00e3o Europeia.<\/p><h4><strong>6. O Direito de Apresentar uma Reclama\u00e7\u00e3o<\/strong><\/h4><p>Para qualquer quest\u00e3o sobre a recolha e tratamento de dados pela EST, SA, o respetivo titular pode contactar por correio eletr\u00f3nico do endere\u00e7o <a href=\"mailto:rgpd@est.pt\">rgpd@est.pt<\/a>. Pode igualmente apresentar uma reclama\u00e7\u00e3o junto da Comiss\u00e3o Nacional de Prote\u00e7\u00e3o de Dados (CNPD), R. de S\u00e3o Bento 148, 1200-031 Lisboa, sobre a forma como a EST, SA recolhe e trata dados pessoais.<\/p><h4><strong>7. Utiliza\u00e7\u00e3o de Cookies<\/strong><\/h4><p>A EST, SA procede \u00e0 recolha e ao tratamento dos dados pessoais necess\u00e1rios \u00e0 disponibiliza\u00e7\u00e3o e funcionamento do seu site, garantindo, adequados n\u00edveis de seguran\u00e7a e de prote\u00e7\u00e3o dos dados pessoais dos seus utilizadores, adotando para o efeito medidas de seguran\u00e7a de forma a proteger os dados pessoais contra a sua difus\u00e3o, perda, uso indevido, altera\u00e7\u00e3o, tratamento ou acesso n\u00e3o autorizado, bem como contra qualquer outra forma de tratamento il\u00edcito.<\/p><p>A EST, SA utiliza cookies e tecnologias similares no seu site, considerando-se como tal, pequenos ficheiros de texto com informa\u00e7\u00e3o relevante que o dispositivo de acesso (computador, telem\u00f3vel\/smartphone ou tablet) carrega, atrav\u00e9s do navegador de Internet (browser), quando um site \u00e9 visitado pelo utilizador.<\/p><p>Os cookies usados no site n\u00e3o recolhem informa\u00e7\u00f5es pessoais que permitam identificar o utilizador, guardando apenas informa\u00e7\u00f5es gen\u00e9ricas, designadamente a forma ou local\/pa\u00eds de acesso e o modo como o utilizador usa o site, entre outros. Os cookies ret\u00eam apenas informa\u00e7\u00e3o relacionada com as prefer\u00eancias do utilizador e este pode, a qualquer momento e atrav\u00e9s do seu navegador de Internet (browser), decidir ser notificado sobre a rece\u00e7\u00e3o de cookies, bem como bloquear a respetiva entrada no seu sistema.<\/p><h4><strong>Vers\u00e3o atualizada a 23 de Maio de 2018<\/strong><\/h4><\/div>\t\t\t\t\t\t\t\t<\/div>\n\t\t\t\t<\/div>\n\t\t\t\t\t<\/div>\n\t\t<\/div>\n\t\t\t\t\t<\/div>\n\t\t<\/section>\n\t\t\t\t<\/div>","protected":false},"excerpt":{"rendered":"<p>\u25cf Declaration of Consent for the Processing of Personal Data \u25cf Right to Information PRIVACY POLICY &amp; COOKIES &#8211; EST, S.A 1. Introduction EST, S.A., in the course of its commercial activity, needs to collect some data from its customers, suppliers&#8230;<\/p>","protected":false},"author":1,"featured_media":0,"parent":0,"menu_order":0,"comment_status":"closed","ping_status":"closed","template":"","meta":{"_seopress_robots_primary_cat":"","_seopress_titles_title":"","_seopress_titles_desc":"","_seopress_robots_index":"","_monsterinsights_skip_tracking":false,"_monsterinsights_sitenote_active":false,"_monsterinsights_sitenote_note":"","_monsterinsights_sitenote_category":0,"footnotes":""},"class_list":["post-18847","page","type-page","status-publish","hentry"],"_links":{"self":[{"href":"https:\/\/www.est.pt\/pt\/wp-json\/wp\/v2\/pages\/18847","targetHints":{"allow":["GET"]}}],"collection":[{"href":"https:\/\/www.est.pt\/pt\/wp-json\/wp\/v2\/pages"}],"about":[{"href":"https:\/\/www.est.pt\/pt\/wp-json\/wp\/v2\/types\/page"}],"author":[{"embeddable":true,"href":"https:\/\/www.est.pt\/pt\/wp-json\/wp\/v2\/users\/1"}],"replies":[{"embeddable":true,"href":"https:\/\/www.est.pt\/pt\/wp-json\/wp\/v2\/comments?post=18847"}],"version-history":[{"count":74,"href":"https:\/\/www.est.pt\/pt\/wp-json\/wp\/v2\/pages\/18847\/revisions"}],"predecessor-version":[{"id":25935,"href":"https:\/\/www.est.pt\/pt\/wp-json\/wp\/v2\/pages\/18847\/revisions\/25935"}],"wp:attachment":[{"href":"https:\/\/www.est.pt\/pt\/wp-json\/wp\/v2\/media?parent=18847"}],"curies":[{"name":"wp","href":"https:\/\/api.w.org\/{rel}","templated":true}]}}