{"id":16698,"date":"2023-04-06T16:41:02","date_gmt":"2023-04-06T16:41:02","guid":{"rendered":"https:\/\/est.workmind.pt\/?page_id=16698"},"modified":"2024-09-03T10:35:13","modified_gmt":"2024-09-03T10:35:13","slug":"technical-support-and-maintenance","status":"publish","type":"page","link":"https:\/\/www.est.pt\/fr\/technical-support-and-maintenance\/","title":{"rendered":"Assistance Technique et Maintenance"},"content":{"rendered":"\t\t<div data-elementor-type=\"wp-page\" data-elementor-id=\"16698\" class=\"elementor elementor-16698\">\n\t\t\t\t\t\t<section class=\"elementor-section elementor-top-section elementor-element elementor-element-7485dfb elementor-section-boxed elementor-section-height-default elementor-section-height-default\" data-id=\"7485dfb\" data-element_type=\"section\" data-e-type=\"section\">\n\t\t\t\t\t\t<div class=\"elementor-container elementor-column-gap-default\">\n\t\t\t\t\t<div class=\"elementor-column elementor-col-50 elementor-top-column elementor-element elementor-element-5585cf3\" data-id=\"5585cf3\" data-element_type=\"column\" data-e-type=\"column\">\n\t\t\t<div class=\"elementor-widget-wrap elementor-element-populated\">\n\t\t\t\t\t\t<div class=\"elementor-element elementor-element-b00da72 elementor-widget elementor-widget-industrium_projects_listing\" data-id=\"b00da72\" data-element_type=\"widget\" data-e-type=\"widget\" data-widget_type=\"industrium_projects_listing.default\">\n\t\t\t\t<div class=\"elementor-widget-container\">\n\t\t\t\t\t\n        <div class=\"industrium-projects-listing-widget\">\n\n            \n            \n            <div class=\"archive-listing\" data-ajax='{&quot;post_type&quot;:&quot;industrium_project&quot;,&quot;ignore_sticky_posts&quot;:true,&quot;suppress_filters&quot;:true,&quot;orderby&quot;:&quot;date&quot;,&quot;order&quot;:&quot;desc&quot;,&quot;link_base&quot;:&quot;https:\\\/\\\/www.est.pt\\\/fr\\\/wp-json\\\/wp\\\/v2\\\/pages\\\/16698&quot;,&quot;industrium_project_category&quot;:[&quot;technical-support-and-maintenance&quot;],&quot;posts_per_page&quot;:6,&quot;columns_number&quot;:2,&quot;paged&quot;:1}' data-widget='{&quot;item_class&quot;:&quot;project-item-wrapper&quot;,&quot;columns_number&quot;:2,&quot;listing_type&quot;:&quot;grid&quot;,&quot;text_position&quot;:&quot;inside&quot;,&quot;show_categories&quot;:&quot;yes&quot;,&quot;show_excerpt&quot;:&quot;yes&quot;,&quot;excerpt_length&quot;:71,&quot;show_read_more&quot;:&quot;yes&quot;,&quot;read_more_text&quot;:&quot;Read More&quot;}'>\n                <div class=\"archive-listing-wrapper project-listing-wrapper text-position-inside project-grid-listing columns-2\">\n                    \n<div class=\"project-item-wrapper post-18300 industrium_project type-industrium_project status-publish has-post-thumbnail hentry industrium_project_category-technical-support-and-maintenance\">\n    <div class=\"project-item\">\n        <a href=\"https:\/\/www.est.pt\/fr\/projects\/tecnologia-2\/\" class=\"project-item-link\">\n            <span class=\"project-item-media\"><img decoding=\"async\" alt=\"Anexo 3-1\" title=\"Anexo 3-1\" srcset=\"https:\/\/www.est.pt\/wp-content\/uploads\/2023\/09\/Anexo-3-1-640x472.jpg 535w, https:\/\/www.est.pt\/wp-content\/uploads\/2023\/09\/Anexo-3-1.jpg 951w, https:\/\/www.est.pt\/wp-content\/uploads\/2023\/09\/Anexo-3-1.jpg 1170w\" sizes=\"(max-width: 575px) 535px, (max-width: 991px) 951px\" src=\"https:\/\/www.est.pt\/wp-content\/uploads\/2023\/09\/Anexo-3-1.jpg\" class=\"attachment-industrium_project_grid_2_columns size-industrium_project_grid_2_columns wp-post-image\" \/><\/span><span class=\"project-item-content\"><span class=\"post-title\"><span>Technology<\/span><\/span><span class=\"project-item-categories\"><span class=\"taxonomy\">Technical Assistance and Maintenance<\/span><\/span><span class=\"project-item-excerpt\">We have the know-how to provide assistance to industrial equipment, fro<\/span><div class=\"post-more-button\"><span class=\"industrium-button\">Read More<svg viewBox=\"0 0 13 20\"><polyline points=\"0.5 19.5 3 19.5 12.5 10 3 0.5\" \/><\/svg><\/span><\/div><\/span>        <\/a>\n            <\/div>\n<\/div>\n<div class=\"project-item-wrapper post-16687 industrium_project type-industrium_project status-publish has-post-thumbnail hentry industrium_project_category-technical-support-and-maintenance\">\n    <div class=\"project-item\">\n        <a href=\"https:\/\/www.est.pt\/fr\/projects\/curative-support\/\" class=\"project-item-link\">\n            <span class=\"project-item-media\"><img decoding=\"async\" alt=\"OLYMPUS DIGITAL CAMERA\" title=\"OLYMPUS DIGITAL CAMERA\" srcset=\"https:\/\/www.est.pt\/wp-content\/uploads\/2023\/09\/1-Assistencia-Curativa-600x479.jpg 535w, https:\/\/www.est.pt\/wp-content\/uploads\/2023\/09\/1-Assistencia-Curativa-e1695047157925.jpg 951w, https:\/\/www.est.pt\/wp-content\/uploads\/2023\/09\/1-Assistencia-Curativa-e1695047157925.jpg 1170w\" sizes=\"(max-width: 575px) 535px, (max-width: 991px) 951px\" src=\"https:\/\/www.est.pt\/wp-content\/uploads\/2023\/09\/1-Assistencia-Curativa-e1695047157925.jpg\" class=\"attachment-industrium_project_grid_2_columns size-industrium_project_grid_2_columns wp-post-image\" \/><\/span><span class=\"project-item-content\"><span class=\"post-title\"><span>Curative Support<\/span><\/span><span class=\"project-item-categories\"><span class=\"taxonomy\">Technical Assistance and Maintenance<\/span><\/span><span class=\"project-item-excerpt\">Curative assistance is one of the services that EST provides to its cli<\/span><div class=\"post-more-button\"><span class=\"industrium-button\">Read More<svg viewBox=\"0 0 13 20\"><polyline points=\"0.5 19.5 3 19.5 12.5 10 3 0.5\" \/><\/svg><\/span><\/div><\/span>        <\/a>\n            <\/div>\n<\/div>\n<div class=\"project-item-wrapper post-16749 industrium_project type-industrium_project status-publish has-post-thumbnail hentry industrium_project_category-technical-support-and-maintenance\">\n    <div class=\"project-item\">\n        <a href=\"https:\/\/www.est.pt\/fr\/projects\/preventive-maintenance\/\" class=\"project-item-link\">\n            <span class=\"project-item-media\"><img decoding=\"async\" alt=\"1 Manuten\u00e7\u00e3o Preventiva - C\u00f3pia\" title=\"1 Manuten\u00e7\u00e3o Preventiva - C\u00f3pia\" srcset=\"https:\/\/www.est.pt\/wp-content\/uploads\/2023\/09\/1-Manutencao-Preventiva-Copia-1-e1695047011388.jpg 535w, https:\/\/www.est.pt\/wp-content\/uploads\/2023\/09\/1-Manutencao-Preventiva-Copia-1-e1695047011388.jpg 951w, https:\/\/www.est.pt\/wp-content\/uploads\/2023\/09\/1-Manutencao-Preventiva-Copia-1-e1695047011388.jpg 1170w\" sizes=\"(max-width: 575px) 535px, (max-width: 991px) 951px\" src=\"https:\/\/www.est.pt\/wp-content\/uploads\/2023\/09\/1-Manutencao-Preventiva-Copia-1-e1695047011388.jpg\" class=\"attachment-industrium_project_grid_2_columns size-industrium_project_grid_2_columns wp-post-image\" \/><\/span><span class=\"project-item-content\"><span class=\"post-title\"><span>Preventive Maintenance<\/span><\/span><span class=\"project-item-categories\"><span class=\"taxonomy\">Technical Assistance and Maintenance<\/span><\/span><span class=\"project-item-excerpt\">EST places great value on the preventive maintenance of industrial equi<\/span><div class=\"post-more-button\"><span class=\"industrium-button\">Read More<svg viewBox=\"0 0 13 20\"><polyline points=\"0.5 19.5 3 19.5 12.5 10 3 0.5\" \/><\/svg><\/span><\/div><\/span>        <\/a>\n            <\/div>\n<\/div>\n<div class=\"project-item-wrapper post-16746 industrium_project type-industrium_project status-publish has-post-thumbnail hentry industrium_project_category-technical-support-and-maintenance\">\n    <div class=\"project-item\">\n        <a href=\"https:\/\/www.est.pt\/fr\/projects\/commissioning-of-variable-frequency-drives-and-other-equipment\/\" class=\"project-item-link\">\n            <span class=\"project-item-media\"><img decoding=\"async\" alt=\"comissionamento-AT\" title=\"comissionamento-AT\" srcset=\"https:\/\/www.est.pt\/wp-content\/uploads\/2023\/04\/comissionamento-AT.jpg 535w, https:\/\/www.est.pt\/wp-content\/uploads\/2023\/04\/comissionamento-AT.jpg 951w, https:\/\/www.est.pt\/wp-content\/uploads\/2023\/04\/comissionamento-AT.jpg 1170w\" sizes=\"(max-width: 575px) 535px, (max-width: 991px) 951px\" src=\"https:\/\/www.est.pt\/wp-content\/uploads\/2023\/04\/comissionamento-AT.jpg\" class=\"attachment-industrium_project_grid_2_columns size-industrium_project_grid_2_columns wp-post-image\" \/><\/span><span class=\"project-item-content\"><span class=\"post-title\"><span>Commissioning of Variable Speed Drives and other Equipment<\/span><\/span><span class=\"project-item-categories\"><span class=\"taxonomy\">Technical Assistance and Maintenance<\/span><\/span><span class=\"project-item-excerpt\">Commissioning is the process of installing and initially configuring in<\/span><div class=\"post-more-button\"><span class=\"industrium-button\">Read More<svg viewBox=\"0 0 13 20\"><polyline points=\"0.5 19.5 3 19.5 12.5 10 3 0.5\" \/><\/svg><\/span><\/div><\/span>        <\/a>\n            <\/div>\n<\/div>                <\/div>\n\n                            <\/div>\n\n            \n        <\/div>\n        \t\t\t\t<\/div>\n\t\t\t\t<\/div>\n\t\t\t\t\t<\/div>\n\t\t<\/div>\n\t\t\t\t<div class=\"elementor-column elementor-col-50 elementor-top-column elementor-element elementor-element-0e77410\" data-id=\"0e77410\" data-element_type=\"column\" data-e-type=\"column\">\n\t\t\t<div class=\"elementor-widget-wrap elementor-element-populated\">\n\t\t\t\t\t\t<div class=\"elementor-element elementor-element-740b5c0 elementor-widget elementor-widget-heading\" data-id=\"740b5c0\" data-element_type=\"widget\" data-e-type=\"widget\" data-widget_type=\"heading.default\">\n\t\t\t\t<div class=\"elementor-widget-container\">\n\t\t\t\t\t<h5 class=\"elementor-heading-title elementor-size-default\">Areas of Activity<\/h5>\t\t\t\t<\/div>\n\t\t\t\t<\/div>\n\t\t\t\t<div class=\"elementor-element elementor-element-acc8bb7 elementor-icon-list--layout-traditional elementor-list-item-link-full_width elementor-widget elementor-widget-icon-list\" data-id=\"acc8bb7\" data-element_type=\"widget\" data-e-type=\"widget\" data-widget_type=\"icon-list.default\">\n\t\t\t\t<div class=\"elementor-widget-container\">\n\t\t\t\t\t\t\t<ul class=\"elementor-icon-list-items\">\n\t\t\t\t\t\t\t<li class=\"elementor-icon-list-item\">\n\t\t\t\t\t\t\t\t\t\t\t<a href=\"\/projects-industrial-electricity\/\">\n\n\t\t\t\t\t\t\t\t\t\t\t<span class=\"elementor-icon-list-text\">Industrial Electricity<\/span>\n\t\t\t\t\t\t\t\t\t\t\t<\/a>\n\t\t\t\t\t\t\t\t\t<\/li>\n\t\t\t\t\t\t\t\t<li class=\"elementor-icon-list-item\">\n\t\t\t\t\t\t\t\t\t\t\t<a href=\"\/automation-robotics-and-systems\/\">\n\n\t\t\t\t\t\t\t\t\t\t\t<span class=\"elementor-icon-list-text\">Automation, Robotics and Systems<\/span>\n\t\t\t\t\t\t\t\t\t\t\t<\/a>\n\t\t\t\t\t\t\t\t\t<\/li>\n\t\t\t\t\t\t\t\t<li class=\"elementor-icon-list-item\">\n\t\t\t\t\t\t\t\t\t\t\t<a href=\"\/projects-instrumentation\/\">\n\n\t\t\t\t\t\t\t\t\t\t\t<span class=\"elementor-icon-list-text\">Instrumentation<\/span>\n\t\t\t\t\t\t\t\t\t\t\t<\/a>\n\t\t\t\t\t\t\t\t\t<\/li>\n\t\t\t\t\t\t\t\t<li class=\"elementor-icon-list-item\">\n\t\t\t\t\t\t\t\t\t\t\t<a href=\"\/projects-electrical-boards\/\">\n\n\t\t\t\t\t\t\t\t\t\t\t<span class=\"elementor-icon-list-text\"> Electrical Boards<\/span>\n\t\t\t\t\t\t\t\t\t\t\t<\/a>\n\t\t\t\t\t\t\t\t\t<\/li>\n\t\t\t\t\t\t\t\t<li class=\"elementor-icon-list-item\">\n\t\t\t\t\t\t\t\t\t\t\t<a href=\"\/projects-energy\/\">\n\n\t\t\t\t\t\t\t\t\t\t\t<span class=\"elementor-icon-list-text\">Energy<\/span>\n\t\t\t\t\t\t\t\t\t\t\t<\/a>\n\t\t\t\t\t\t\t\t\t<\/li>\n\t\t\t\t\t\t\t\t<li class=\"elementor-icon-list-item\">\n\t\t\t\t\t\t\t\t\t\t\t<a href=\"\/projects-vac\/\">\n\n\t\t\t\t\t\t\t\t\t\t\t<span class=\"elementor-icon-list-text\">HVAC<\/span>\n\t\t\t\t\t\t\t\t\t\t\t<\/a>\n\t\t\t\t\t\t\t\t\t<\/li>\n\t\t\t\t\t\t\t\t<li class=\"elementor-icon-list-item\">\n\t\t\t\t\t\t\t\t\t\t\t<a href=\"\/technical-support-and-maintenance\/\">\n\n\t\t\t\t\t\t\t\t\t\t\t<span class=\"elementor-icon-list-text\">Technical Assistance and Maintenance<\/span>\n\t\t\t\t\t\t\t\t\t\t\t<\/a>\n\t\t\t\t\t\t\t\t\t<\/li>\n\t\t\t\t\t\t<\/ul>\n\t\t\t\t\t\t<\/div>\n\t\t\t\t<\/div>\n\t\t\t\t<div class=\"elementor-element elementor-element-0e2c0eb elementor-widget elementor-widget-heading\" data-id=\"0e2c0eb\" data-element_type=\"widget\" data-e-type=\"widget\" data-widget_type=\"heading.default\">\n\t\t\t\t<div class=\"elementor-widget-container\">\n\t\t\t\t\t<h5 class=\"elementor-heading-title elementor-size-default\">Activity Sectors<\/h5>\t\t\t\t<\/div>\n\t\t\t\t<\/div>\n\t\t\t\t<div class=\"elementor-element elementor-element-548c96f elementor-icon-list--layout-traditional elementor-list-item-link-full_width elementor-widget elementor-widget-icon-list\" data-id=\"548c96f\" data-element_type=\"widget\" data-e-type=\"widget\" data-widget_type=\"icon-list.default\">\n\t\t\t\t<div class=\"elementor-widget-container\">\n\t\t\t\t\t\t\t<ul class=\"elementor-icon-list-items\">\n\t\t\t\t\t\t\t<li class=\"elementor-icon-list-item\">\n\t\t\t\t\t\t\t\t\t\t\t<a href=\"\/feed-2\/\">\n\n\t\t\t\t\t\t\t\t\t\t\t<span class=\"elementor-icon-list-text\">Feed<\/span>\n\t\t\t\t\t\t\t\t\t\t\t<\/a>\n\t\t\t\t\t\t\t\t\t<\/li>\n\t\t\t\t\t\t\t\t<li class=\"elementor-icon-list-item\">\n\t\t\t\t\t\t\t\t\t\t\t<a href=\"\/pulp-and-paper\/\">\n\n\t\t\t\t\t\t\t\t\t\t\t<span class=\"elementor-icon-list-text\">Pulp and Paper<\/span>\n\t\t\t\t\t\t\t\t\t\t\t<\/a>\n\t\t\t\t\t\t\t\t\t<\/li>\n\t\t\t\t\t\t\t\t<li class=\"elementor-icon-list-item\">\n\t\t\t\t\t\t\t\t\t\t\t<a href=\"\/data-centers\">\n\n\t\t\t\t\t\t\t\t\t\t\t<span class=\"elementor-icon-list-text\">Data Centers<\/span>\n\t\t\t\t\t\t\t\t\t\t\t<\/a>\n\t\t\t\t\t\t\t\t\t<\/li>\n\t\t\t\t\t\t\t\t<li class=\"elementor-icon-list-item\">\n\t\t\t\t\t\t\t\t\t\t\t<a href=\"\/cement-and-mortar\/\">\n\n\t\t\t\t\t\t\t\t\t\t\t<span class=\"elementor-icon-list-text\">Cement and Mortar<\/span>\n\t\t\t\t\t\t\t\t\t\t\t<\/a>\n\t\t\t\t\t\t\t\t\t<\/li>\n\t\t\t\t\t\t\t\t<li class=\"elementor-icon-list-item\">\n\t\t\t\t\t\t\t\t\t\t\t<a href=\"\/glass\/\">\n\n\t\t\t\t\t\t\t\t\t\t\t<span class=\"elementor-icon-list-text\">Glass<\/span>\n\t\t\t\t\t\t\t\t\t\t\t<\/a>\n\t\t\t\t\t\t\t\t\t<\/li>\n\t\t\t\t\t\t\t\t<li class=\"elementor-icon-list-item\">\n\t\t\t\t\t\t\t\t\t\t\t<a href=\"\/energy\/\">\n\n\t\t\t\t\t\t\t\t\t\t\t<span class=\"elementor-icon-list-text\">Energy<\/span>\n\t\t\t\t\t\t\t\t\t\t\t<\/a>\n\t\t\t\t\t\t\t\t\t<\/li>\n\t\t\t\t\t\t\t\t<li class=\"elementor-icon-list-item\">\n\t\t\t\t\t\t\t\t\t\t\t<a href=\"\/woods\/\">\n\n\t\t\t\t\t\t\t\t\t\t\t<span class=\"elementor-icon-list-text\">Woods<\/span>\n\t\t\t\t\t\t\t\t\t\t\t<\/a>\n\t\t\t\t\t\t\t\t\t<\/li>\n\t\t\t\t\t\t\t\t<li class=\"elementor-icon-list-item\">\n\t\t\t\t\t\t\t\t\t\t\t<a href=\"\/food-and-beverage\/\">\n\n\t\t\t\t\t\t\t\t\t\t\t<span class=\"elementor-icon-list-text\">Food and Beverage<\/span>\n\t\t\t\t\t\t\t\t\t\t\t<\/a>\n\t\t\t\t\t\t\t\t\t<\/li>\n\t\t\t\t\t\t\t\t<li class=\"elementor-icon-list-item\">\n\t\t\t\t\t\t\t\t\t\t\t<a href=\"\/stones-and-derivatives\/\">\n\n\t\t\t\t\t\t\t\t\t\t\t<span class=\"elementor-icon-list-text\">Stones and Derivatives<\/span>\n\t\t\t\t\t\t\t\t\t\t\t<\/a>\n\t\t\t\t\t\t\t\t\t<\/li>\n\t\t\t\t\t\t\t\t<li class=\"elementor-icon-list-item\">\n\t\t\t\t\t\t\t\t\t\t\t<a href=\"\/mining\/\">\n\n\t\t\t\t\t\t\t\t\t\t\t<span class=\"elementor-icon-list-text\">Mining<\/span>\n\t\t\t\t\t\t\t\t\t\t\t<\/a>\n\t\t\t\t\t\t\t\t\t<\/li>\n\t\t\t\t\t\t\t\t<li class=\"elementor-icon-list-item\">\n\t\t\t\t\t\t\t\t\t\t\t<a href=\"\/plastic\/\">\n\n\t\t\t\t\t\t\t\t\t\t\t<span class=\"elementor-icon-list-text\">Plastic<\/span>\n\t\t\t\t\t\t\t\t\t\t\t<\/a>\n\t\t\t\t\t\t\t\t\t<\/li>\n\t\t\t\t\t\t\t\t<li class=\"elementor-icon-list-item\">\n\t\t\t\t\t\t\t\t\t\t\t<a href=\"\/chemistry\/\">\n\n\t\t\t\t\t\t\t\t\t\t\t<span class=\"elementor-icon-list-text\">Chemistry<\/span>\n\t\t\t\t\t\t\t\t\t\t\t<\/a>\n\t\t\t\t\t\t\t\t\t<\/li>\n\t\t\t\t\t\t\t\t<li class=\"elementor-icon-list-item\">\n\t\t\t\t\t\t\t\t\t\t\t<a href=\"\/automotive\/\">\n\n\t\t\t\t\t\t\t\t\t\t\t<span class=\"elementor-icon-list-text\">Automotive<\/span>\n\t\t\t\t\t\t\t\t\t\t\t<\/a>\n\t\t\t\t\t\t\t\t\t<\/li>\n\t\t\t\t\t\t\t\t<li class=\"elementor-icon-list-item\">\n\t\t\t\t\t\t\t\t\t\t\t<a href=\"\/waste\/\">\n\n\t\t\t\t\t\t\t\t\t\t\t<span class=\"elementor-icon-list-text\">Waste<\/span>\n\t\t\t\t\t\t\t\t\t\t\t<\/a>\n\t\t\t\t\t\t\t\t\t<\/li>\n\t\t\t\t\t\t\t\t<li class=\"elementor-icon-list-item\">\n\t\t\t\t\t\t\t\t\t\t\t<a href=\"\/services-2\/\">\n\n\t\t\t\t\t\t\t\t\t\t\t<span class=\"elementor-icon-list-text\">Services<\/span>\n\t\t\t\t\t\t\t\t\t\t\t<\/a>\n\t\t\t\t\t\t\t\t\t<\/li>\n\t\t\t\t\t\t<\/ul>\n\t\t\t\t\t\t<\/div>\n\t\t\t\t<\/div>\n\t\t\t\t\t<\/div>\n\t\t<\/div>\n\t\t\t\t\t<\/div>\n\t\t<\/section>\n\t\t\t\t<\/div>\n\t\t","protected":false},"excerpt":{"rendered":"<p>Areas of Activity Industrial Electricity Automation, Robotics and Systems Instrumentation Electrical Boards Energy HVAC Technical Assistance and Maintenance Activity Sectors Feed Pulp and Paper Data Centers Cement and Mortar Glass Energy Woods Food and Beverage Stones and Derivatives Mining Plastic Chemistry&#8230;<\/p>","protected":false},"author":1,"featured_media":0,"parent":0,"menu_order":0,"comment_status":"closed","ping_status":"closed","template":"","meta":{"_seopress_robots_primary_cat":"","_seopress_titles_title":"","_seopress_titles_desc":"","_seopress_robots_index":"","_monsterinsights_skip_tracking":false,"_monsterinsights_sitenote_active":false,"_monsterinsights_sitenote_note":"","_monsterinsights_sitenote_category":0,"footnotes":""},"class_list":["post-16698","page","type-page","status-publish","hentry"],"_links":{"self":[{"href":"https:\/\/www.est.pt\/fr\/wp-json\/wp\/v2\/pages\/16698","targetHints":{"allow":["GET"]}}],"collection":[{"href":"https:\/\/www.est.pt\/fr\/wp-json\/wp\/v2\/pages"}],"about":[{"href":"https:\/\/www.est.pt\/fr\/wp-json\/wp\/v2\/types\/page"}],"author":[{"embeddable":true,"href":"https:\/\/www.est.pt\/fr\/wp-json\/wp\/v2\/users\/1"}],"replies":[{"embeddable":true,"href":"https:\/\/www.est.pt\/fr\/wp-json\/wp\/v2\/comments?post=16698"}],"version-history":[{"count":14,"href":"https:\/\/www.est.pt\/fr\/wp-json\/wp\/v2\/pages\/16698\/revisions"}],"predecessor-version":[{"id":22309,"href":"https:\/\/www.est.pt\/fr\/wp-json\/wp\/v2\/pages\/16698\/revisions\/22309"}],"wp:attachment":[{"href":"https:\/\/www.est.pt\/fr\/wp-json\/wp\/v2\/media?parent=16698"}],"curies":[{"name":"wp","href":"https:\/\/api.w.org\/{rel}","templated":true}]}}